{"id":10115,"date":"2025-05-03T05:15:23","date_gmt":"2025-05-03T03:15:23","guid":{"rendered":"https:\/\/agenas-containers.com\/?post_type=product&#038;p=10115"},"modified":"2025-05-03T05:18:53","modified_gmt":"2025-05-03T03:18:53","slug":"unite-de-vie-mobile-tiny-house-avec-deux-chambres-et-cuisine","status":"publish","type":"product","link":"https:\/\/agenas-containers.com\/index.php\/produit\/unite-de-vie-mobile-tiny-house-avec-deux-chambres-et-cuisine\/","title":{"rendered":"Unit\u00e9 de vie mobile \/ tiny house avec deux chambres et cuisine"},"content":{"rendered":"<div class=\"LotMetadata_tableRow__6jBXk\">Quantit\u00e91<\/div>\n<div class=\"LotMetadata_tableRow__6jBXk\">MargeNon<\/div>\n<div class=\"LotMetadata_tableRow__6jBXk\">Vendu parVendeur de l&rsquo;entreprise<\/div>\n<div class=\"LotMetadata_tableRow__6jBXk\">Nombre de fen\u00eatres9<\/div>\n<div class=\"LotMetadata_tableRow__6jBXk\">Largeur totale6220mm<\/div>\n<div class=\"LotMetadata_tableRow__6jBXk\">MarqueStahlworks<\/div>\n<div class=\"LotMetadata_tableRow__6jBXk\">Poids individuel3550kg<\/div>\n<div class=\"LotMetadata_tableRow__6jBXk\">ToilettesOui<\/div>\n<div class=\"LotMetadata_tableRow__6jBXk\">Ann\u00e9e2023<\/div>\n<div class=\"LotMetadata_tableRow__6jBXk\">Garde-mangerOui<\/div>\n<div class=\"LotMetadata_tableRow__6jBXk\">Longueur totale5860mm<\/div>\n<div class=\"LotMetadata_tableRow__6jBXk\">TypeCompleet Deluxe (19ft*20ft)<\/div>\n<div class=\"LotMetadata_tableRow__6jBXk\">Hauteur totale2550mm<\/div>\n<p>Informations suppl\u00e9mentaires<\/p>\n<div>Equip\u00e9 de murs et d\u2019un toit isol\u00e9s\u00a0; 2 espaces clos (chambres) ; cuisine d\u2019angle avec placards au-dessus\u00a0; armoire \u00e0 compteurs\u00a0; salle de bain avec WC et douche \u00e0 effet pluie\u00a0; lavabo avec armoire de toilette et robinetterie de toilette ; rev\u00eatement de sol en vinyle\u00a0; syst\u00e8me de ventilation (connexion 230 volts)\u00a0; points de raccordement pour l\u2019\u00e9clairage au plafond (y compris les plafonniers) ; cadres en plastique avec double vitrage\u00a0; goutti\u00e8re de drainage\u00a0; plateau; l\u2019eau, l\u2019\u00e9lectricit\u00e9 et le drainage peuvent \u00eatre facilement connect\u00e9s est pr\u00e9par\u00e9\u00a0; verrouillable \u00e0 l\u2019aide d\u2019une cl\u00e9 et d\u2019un cylindre \u00e0 bouton\u00a0; y compris les plafonniers, les prises de courant et les interrupteurs\u00a0; dimensions pli\u00e9 5860x2110x2550 mm (dimensions de transport)\u00a0; inutilis\u00e9<\/div>\n","protected":false},"excerpt":{"rendered":"<p>Quantit\u00e91 MargeNon Vendu parVendeur de l&rsquo;entreprise Nombre de fen\u00eatres9 Largeur totale6220mm MarqueStahlworks Poids individuel3550kg ToilettesOui Ann\u00e9e2023 Garde-mangerOui Longueur totale5860mm TypeCompleet<\/p>\n","protected":false},"featured_media":10283,"comment_status":"open","ping_status":"closed","template":"","meta":[],"product_brand":[],"product_cat":[104],"product_tag":[],"class_list":{"0":"post-10115","1":"product","2":"type-product","3":"status-publish","4":"has-post-thumbnail","6":"product_cat-conteneurs-dhabitation","8":"first","9":"instock","10":"sale","11":"shipping-taxable","12":"purchasable","13":"product-type-simple"},"jetpack_sharing_enabled":true,"_links":{"self":[{"href":"https:\/\/agenas-containers.com\/index.php\/wp-json\/wp\/v2\/product\/10115","targetHints":{"allow":["GET"]}}],"collection":[{"href":"https:\/\/agenas-containers.com\/index.php\/wp-json\/wp\/v2\/product"}],"about":[{"href":"https:\/\/agenas-containers.com\/index.php\/wp-json\/wp\/v2\/types\/product"}],"replies":[{"embeddable":true,"href":"https:\/\/agenas-containers.com\/index.php\/wp-json\/wp\/v2\/comments?post=10115"}],"version-history":[{"count":1,"href":"https:\/\/agenas-containers.com\/index.php\/wp-json\/wp\/v2\/product\/10115\/revisions"}],"predecessor-version":[{"id":10284,"href":"https:\/\/agenas-containers.com\/index.php\/wp-json\/wp\/v2\/product\/10115\/revisions\/10284"}],"wp:featuredmedia":[{"embeddable":true,"href":"https:\/\/agenas-containers.com\/index.php\/wp-json\/wp\/v2\/media\/10283"}],"wp:attachment":[{"href":"https:\/\/agenas-containers.com\/index.php\/wp-json\/wp\/v2\/media?parent=10115"}],"wp:term":[{"taxonomy":"product_brand","embeddable":true,"href":"https:\/\/agenas-containers.com\/index.php\/wp-json\/wp\/v2\/product_brand?post=10115"},{"taxonomy":"product_cat","embeddable":true,"href":"https:\/\/agenas-containers.com\/index.php\/wp-json\/wp\/v2\/product_cat?post=10115"},{"taxonomy":"product_tag","embeddable":true,"href":"https:\/\/agenas-containers.com\/index.php\/wp-json\/wp\/v2\/product_tag?post=10115"}],"curies":[{"name":"wp","href":"https:\/\/api.w.org\/{rel}","templated":true}]}}