{"id":11125,"date":"2025-05-06T21:25:28","date_gmt":"2025-05-06T19:25:28","guid":{"rendered":"https:\/\/agenas-containers.com\/?post_type=product&#038;p=11125"},"modified":"2025-05-06T21:25:45","modified_gmt":"2025-05-06T19:25:45","slug":"mc-culloch-robot-tondeuse-rob-r1000-batterie-li-ion-18-v-17-cm","status":"publish","type":"product","link":"https:\/\/agenas-containers.com\/index.php\/produit\/mc-culloch-robot-tondeuse-rob-r1000-batterie-li-ion-18-v-17-cm\/","title":{"rendered":"mc culloch robot tondeuse rob r1000 batterie li-ion 18 v 17 cm"},"content":{"rendered":"<p><em><b>Livraison gratuite<\/b><\/em><\/p>\n<p><em><b>Livr\u00e9e: 2 \u2013 3 Jours ouvr\u00e9s<\/b><\/em><\/p>\n<p><strong>Etat<\/strong>\u00a0: Neuf exp\u00e9dier depuis nos entrep\u00f4ts r\u00e9gionaux fran\u00e7ais<\/p>\n<p>Garantie 2 ans<\/p>\n","protected":false},"excerpt":{"rendered":"<div class=\"attributes_attributesContainer__9rSvH\">\n<div class=\"attributes_attributesTitle__uhxXq\">Caract\u00e9ristiques<\/div>\n<ul class=\"attributes_list__QwQX6\" data-testid=\"attributes-list\">\n<li class=\"attributes_shouldShow__mIu0l\">\n<div class=\"attributes_name___iDdl root_3a693bbd body2_3a693bbd regular_3a693bbd primaryDark_3a693bbd\">Surface<\/div>\n<div class=\"attributes_value__XujpJ root_3a693bbd body2_3a693bbd regular_3a693bbd primaryDark_3a693bbd\">1000 m\u00b2<\/div>\n<\/li>\n<li class=\"attributes_shouldShow__mIu0l\">\n<div class=\"attributes_name___iDdl root_3a693bbd body2_3a693bbd regular_3a693bbd primaryDark_3a693bbd\">Caract\u00e9ristiques<\/div>\n<div class=\"attributes_value__XujpJ root_3a693bbd body2_3a693bbd regular_3a693bbd primaryDark_3a693bbd\">Anti-vol, Capteur d\u2019inclinaison<\/div>\n<\/li>\n<li class=\"attributes_shouldShow__mIu0l\">\n<div class=\"attributes_name___iDdl root_3a693bbd body2_3a693bbd regular_3a693bbd primaryDark_3a693bbd\">Inclinaison de pente<\/div>\n<div class=\"attributes_value__XujpJ root_3a693bbd body2_3a693bbd regular_3a693bbd primaryDark_3a693bbd\">25 %<\/div>\n<\/li>\n<li class=\"attributes_shouldShow__mIu0l\">\n<div class=\"attributes_name___iDdl root_3a693bbd body2_3a693bbd regular_3a693bbd primaryDark_3a693bbd\">Largeur de coupe<\/div>\n<div class=\"attributes_value__XujpJ root_3a693bbd body2_3a693bbd regular_3a693bbd primaryDark_3a693bbd\">17 cm<\/div>\n<\/li>\n<li class=\"attributes_shouldShow__mIu0l\">\n<div class=\"attributes_name___iDdl root_3a693bbd body2_3a693bbd regular_3a693bbd primaryDark_3a693bbd\">Hauteur de coupe<\/div>\n<div class=\"attributes_value__XujpJ root_3a693bbd body2_3a693bbd regular_3a693bbd primaryDark_3a693bbd\">5 cm<\/div>\n<\/li>\n<li class=\"attributes_shouldShow__mIu0l\">\n<div class=\"attributes_name___iDdl root_3a693bbd body2_3a693bbd regular_3a693bbd primaryDark_3a693bbd\">Longueur<\/div>\n<div class=\"attributes_value__XujpJ root_3a693bbd body2_3a693bbd regular_3a693bbd primaryDark_3a693bbd\">59 cm<\/div>\n<\/li>\n<li class=\"attributes_shouldShow__mIu0l\">\n<div class=\"attributes_name___iDdl root_3a693bbd body2_3a693bbd regular_3a693bbd primaryDark_3a693bbd\">Largeur<\/div>\n<div class=\"attributes_value__XujpJ root_3a693bbd body2_3a693bbd regular_3a693bbd primaryDark_3a693bbd\">17 cm<\/div>\n<\/li>\n<li class=\"attributes_shouldShow__mIu0l\">\n<div class=\"attributes_name___iDdl root_3a693bbd body2_3a693bbd regular_3a693bbd primaryDark_3a693bbd\">Hauteur<\/div>\n<div class=\"attributes_value__XujpJ root_3a693bbd body2_3a693bbd regular_3a693bbd primaryDark_3a693bbd\">260 mm<\/div>\n<\/li>\n<li class=\"attributes_shouldShow__mIu0l\">\n<div class=\"attributes_name___iDdl root_3a693bbd body2_3a693bbd regular_3a693bbd primaryDark_3a693bbd\">Niveau sonore<\/div>\n<div class=\"attributes_value__XujpJ root_3a693bbd body2_3a693bbd regular_3a693bbd primaryDark_3a693bbd\">59 dB<\/div>\n<\/li>\n<li class=\"attributes_shouldShow__mIu0l\">\n<div class=\"attributes_name___iDdl root_3a693bbd body2_3a693bbd regular_3a693bbd primaryDark_3a693bbd\">Poids<\/div>\n<div class=\"attributes_value__XujpJ root_3a693bbd body2_3a693bbd regular_3a693bbd primaryDark_3a693bbd\">1 kg<\/div>\n<\/li>\n<li class=\"attributes_shouldShow__mIu0l\">\n<div class=\"attributes_name___iDdl root_3a693bbd body2_3a693bbd regular_3a693bbd primaryDark_3a693bbd\">productRef<\/div>\n<div class=\"attributes_value__XujpJ root_3a693bbd body2_3a693bbd regular_3a693bbd primaryDark_3a693bbd\">ME6120924<\/div>\n<\/li>\n<li class=\"attributes_shouldShow__mIu0l\">\n<div class=\"attributes_name___iDdl root_3a693bbd body2_3a693bbd regular_3a693bbd primaryDark_3a693bbd\">manufacturerSKU<\/div>\n<div class=\"attributes_value__XujpJ root_3a693bbd body2_3a693bbd regular_3a693bbd primaryDark_3a693bbd\">ZF3556557_343030-989<\/div>\n<\/li>\n<\/ul>\n<\/div>\n<div class=\"description_descriptionContainer__q6owp\">\n<div class=\"description_descriptionTitle__2LLcE\">Description<\/div>\n<div class=\"description_description__N_7zI description_expanded__B4Z9b\" data-testid=\"description-content\">Tondeuse robot puissante \u2013 Batterie Li-Ion 18 V \u2013 Moteur robuste Brushless \u2013 Largeur de coupe : 18 cm \u2013 R\u00e9glage hauteurs de coupe : 20 a 50 mm \u2013 Pentes jusqu\u2019a 25% \u2013 Niveau sonore : 59 dB \u2013 Alarme \u2013 Code Pin \u2013 Mode ECO \u2013 Surface de tonte conseill\u00e9e 1000 m\u00b2.<\/div>\n<\/div>\n","protected":false},"featured_media":11186,"comment_status":"open","ping_status":"closed","template":"","meta":[],"product_brand":[],"product_cat":[138],"product_tag":[],"class_list":{"0":"post-11125","1":"product","2":"type-product","3":"status-publish","4":"has-post-thumbnail","6":"product_cat-tondeuse-robot","8":"first","9":"instock","10":"sale","11":"shipping-taxable","12":"purchasable","13":"product-type-simple"},"jetpack_sharing_enabled":true,"_links":{"self":[{"href":"https:\/\/agenas-containers.com\/index.php\/wp-json\/wp\/v2\/product\/11125","targetHints":{"allow":["GET"]}}],"collection":[{"href":"https:\/\/agenas-containers.com\/index.php\/wp-json\/wp\/v2\/product"}],"about":[{"href":"https:\/\/agenas-containers.com\/index.php\/wp-json\/wp\/v2\/types\/product"}],"replies":[{"embeddable":true,"href":"https:\/\/agenas-containers.com\/index.php\/wp-json\/wp\/v2\/comments?post=11125"}],"version-history":[{"count":1,"href":"https:\/\/agenas-containers.com\/index.php\/wp-json\/wp\/v2\/product\/11125\/revisions"}],"predecessor-version":[{"id":11187,"href":"https:\/\/agenas-containers.com\/index.php\/wp-json\/wp\/v2\/product\/11125\/revisions\/11187"}],"wp:featuredmedia":[{"embeddable":true,"href":"https:\/\/agenas-containers.com\/index.php\/wp-json\/wp\/v2\/media\/11186"}],"wp:attachment":[{"href":"https:\/\/agenas-containers.com\/index.php\/wp-json\/wp\/v2\/media?parent=11125"}],"wp:term":[{"taxonomy":"product_brand","embeddable":true,"href":"https:\/\/agenas-containers.com\/index.php\/wp-json\/wp\/v2\/product_brand?post=11125"},{"taxonomy":"product_cat","embeddable":true,"href":"https:\/\/agenas-containers.com\/index.php\/wp-json\/wp\/v2\/product_cat?post=11125"},{"taxonomy":"product_tag","embeddable":true,"href":"https:\/\/agenas-containers.com\/index.php\/wp-json\/wp\/v2\/product_tag?post=11125"}],"curies":[{"name":"wp","href":"https:\/\/api.w.org\/{rel}","templated":true}]}}