{"id":11127,"date":"2025-05-06T21:25:28","date_gmt":"2025-05-06T19:25:28","guid":{"rendered":"https:\/\/agenas-containers.com\/?post_type=product&#038;p=11127"},"modified":"2025-05-06T21:25:49","modified_gmt":"2025-05-06T19:25:49","slug":"kress-kr136e-mega-robot-tondeuse-pour-jardins-de-6500-m2","status":"publish","type":"product","link":"https:\/\/agenas-containers.com\/index.php\/produit\/kress-kr136e-mega-robot-tondeuse-pour-jardins-de-6500-m2\/","title":{"rendered":"kress kr136e mega robot tondeuse pour jardins de 6500 m2"},"content":{"rendered":"<p class=\"reference\">R\u00e9f\u00e9rence: 99161<\/p>\n<div class=\"product-information\">\n<div id=\"product-description-short-14700\" class=\"product-desc\">\n<p>Le nouveau Kress KR 136 E Mission M\u00e9ga est la r\u00e9ponse aux besoins d\u2019entretien des tr\u00e8s grandes pelouses. Recommand\u00e9 pour les pelouses de 6.000mq \/ 6.500mq. Largeur de coupe de 35 cm, \u00e9quip\u00e9e de batteries 20 V 10,0 Ah de tr\u00e8s grande capacit\u00e9.<\/p>\n<p><em><b>Livraison gratuite<\/b><\/em><\/p>\n<p><em><b>Livr\u00e9e: 2 \u2013 3 Jours ouvr\u00e9s<\/b><\/em><\/p>\n<p>Garantie 2 ans<\/p>\n<\/div>\n<\/div>\n","protected":false},"excerpt":{"rendered":"<p>Le robot Kress Kr136 E est une tondeuse \u00e0 gazon professionnelle Kress parfaite pour entretenir des pelouses de 6000 \u00e0 6500 m2. Dot\u00e9e d\u2019une station de charge, cette \u00e9l\u00e9gante machine est \u00e9galement tr\u00e8s efficace pour une coupe rapide: \u00e9quip\u00e9e de deux lames de coupe pour un diam\u00e8tre total de 35 cm.<\/p>\n<pre><\/pre>\n<h3>Avantages de l\u2019utilisation du robot Kress:<\/h3>\n<p>\u2013 Syst\u00e8me de coupe intelligent INTIVA contr\u00f4l\u00e9 par l\u2019intelligence artificielle (30% plus efficace)<\/p>\n<p>&nbsp;<\/p>\n<p>-Syst\u00e8me de recharge de la batterie lors de la descente et du freinage<\/p>\n<p>&nbsp;<\/p>\n<p>-Coupe des bords de pelouse (syst\u00e8me de lame d\u00e9centr\u00e9e)<\/p>\n<p>&nbsp;<\/p>\n<p>-Coupe dans des passages \u00e9troits m\u00eame de seulement 75 cm<\/p>\n<p>&nbsp;<\/p>\n<p>-Base de chargement invisible avec chargement lat\u00e9ral (esth\u00e9tique \u00e9l\u00e9gante)<\/p>\n<p>&nbsp;<\/p>\n<p>-Programmable et contr\u00f4lable via Internet via WIFI<\/p>\n<p>&nbsp;<\/p>\n<p>\u2013 Mise \u00e0 jour via Internet via WIFI ou cl\u00e9 USB<\/p>\n<p>&nbsp;<\/p>\n<p>-3 ans de garantie<\/p>\n<pre><\/pre>\n<h3>Caract\u00e9ristiques techniques:<\/h3>\n<p>Mod\u00e8le: KR136 E Mission Mega Kress<\/p>\n<p>Taille: 6,000-6,500 m2<\/p>\n<p>Batterie: 20 volts 10,0 Ah<\/p>\n<p>Connectable avec le Wifi domestique: Oui<\/p>\n<p>Pente maximale: 45%<\/p>\n<p>Bruit: 68 dB<\/p>\n<p>Antivol: Oui avec code PIN<\/p>\n<p>Temps moyen de travail \/ recharge: 92 min \/ 46 min.<\/p>\n<p>Moteurs de traction et lame sans balais<\/p>\n<p>Dimensions 750 x 550 x 250 mm<\/p>\n<p>\u00c9cran LCD: Oui (peut \u00eatre programm\u00e9 via l\u2019affichage ou via l\u2019application)<\/p>\n<p>INTIVA: Oui<\/p>\n<p>Garniture lat\u00e9rale: Oui<\/p>\n<p>OAS: OUI<\/p>\n<p>Multizone: Oui (jusqu\u2019\u00e0 4 zones)<\/p>\n<p>Chargement lat\u00e9ral: Oui<\/p>\n<p>Charge en descente: OUI<\/p>\n<p>Poids: 19 Kg<\/p>\n<p>Accessoires fournis:<\/p>\n<p>\u2013 Tondeuse robot Kress Kr136 E<\/p>\n<p>\u2013 Batterie au lithium 10,0 Ah de derni\u00e8re g\u00e9n\u00e9ration<\/p>\n<p>\u2013 Station de base de chargement<\/p>\n<p>\u2013 Source de courant<\/p>\n<p>\u2013 3 kits de remplacement de lames<\/p>\n<p>\u2013 C\u00e2ble p\u00e9riph\u00e9rique<\/p>\n<p>\u2013 Piquets<\/p>\n<p>\u2013 R\u00e8gle pour installer le c\u00e2ble p\u00e9riph\u00e9rique vous-m\u00eame<\/p>\n<p>\u2013 Manuel d\u2019utilisation et de s\u00e9curit\u00e9 en italien<\/p>\n<pre><\/pre>\n<pre><\/pre>\n<h3>POURQUOI KRESS EST-IL DIFF\u00c9RENT DES AUTRES TONDEUSES ROBOTS?<\/h3>\n<p>C\u2019EST PLUS INTELLIGENT<\/p>\n<p>&nbsp;<\/p>\n<p>Kress Mission monte un v\u00e9ritable ordinateur \u00e9quip\u00e9 d\u2019une intelligence artificielle qui apprend \u00e0 naviguer et \u00e0 couper de mieux en mieux, modifier les angles de la route pour optimiser la navigation et permettre la tonte m\u00eame dans des couloirs longs et \u00e9troits ou en pr\u00e9sence dans des passages tr\u00e8s \u00e9troits. Lorsque les autres robots ont tondu la moiti\u00e9 de la pelouse, Kress Mission a atteint 80%.<\/p>\n<p>&nbsp;<\/p>\n<p>FIABILIT\u00c9 EXTR\u00caME<\/p>\n<p>&nbsp;<\/p>\n<p>Kress Mission est la seule tondeuse \u00e0 gazon robotis\u00e9e qui monte des composants m\u00e9caniques et \u00e9lectroniques de qualit\u00e9 automobile. La m\u00eame chose que pour les voitures. Cela garantit une fiabilit\u00e9 et une durabilit\u00e9 in\u00e9gal\u00e9es.<\/p>\n<p>&nbsp;<\/p>\n<p>IL EST PROGRAMMABLE ET CONTR\u00d4LABLE VIA INTERNET<\/p>\n<p>&nbsp;<\/p>\n<p>Gr\u00e2ce au syst\u00e8me WIFI embarqu\u00e9, le robot est toujours connect\u00e9 \u00e0 Internet. Gr\u00e2ce \u00e0 cette connexion, il est possible de le programmer de mani\u00e8re tr\u00e8s simple via l\u2019application pour Android et IOS. Gr\u00e2ce au smartphone, il est possible de contr\u00f4ler le d\u00e9marrage, la pause et le retour \u00e0 la base de chargement.<\/p>\n<p>&nbsp;<\/p>\n<p>TOUJOURS MIS \u00c0 JOUR<\/p>\n<p>&nbsp;<\/p>\n<p>Mission Kress peut \u00eatre mis \u00e0 jour avec toutes les nouvelles fonctionnalit\u00e9s qui seront d\u00e9velopp\u00e9es \u00e0 l\u2019avenir sans avoir \u00e0 recourir \u00e0 l\u2019assistance. La mise \u00e0 jour peut \u00eatre effectu\u00e9e via Internet (WIFI) ou via une cl\u00e9 USB.<\/p>\n<p>&nbsp;<\/p>\n<p>SYST\u00c8ME DE COUPE DE BORD DE PROFIL TR\u00c8S BAS<\/p>\n<p>&nbsp;<\/p>\n<p>Gr\u00e2ce au syst\u00e8me de coupe d\u00e9centralis\u00e9, Kress Mission permet de couper le bord de la pelouse. S\u2019il y a un mur, la lumi\u00e8re \u00e0 gauche n\u2019est que de 5 cm (la plus basse de la cat\u00e9gorie)<\/p>\n<p>&nbsp;<\/p>\n<p>IL CHARGE PENDANT LE FREINAGE ET LA DESCENTE<\/p>\n<p>&nbsp;<\/p>\n<p>Kress Mission augmente la dur\u00e9e de vie de la batterie tout en coupant gr\u00e2ce au syst\u00e8me de r\u00e9cup\u00e9ration d\u2019\u00e9nergie qui intervient lors des freinages, des ralentissements et des descentes. Ce fait combin\u00e9 avec le syst\u00e8me de navigation intelligent INTIVA augmente la dur\u00e9e de vie de la batterie jusqu\u2019\u00e0 50% plus longue que les autres robots.<\/p>\n<p>&nbsp;<\/p>\n<p>\u00c9L\u00c9GANCE ITALIENNE<\/p>\n<p>&nbsp;<\/p>\n<p>Gr\u00e2ce au syst\u00e8me de chargement lat\u00e9ral, la base de chargement dispara\u00eet compl\u00e8tement de la vue pour laisser place \u00e0 une simple tourelle. Tout devient beaucoup plus \u00e9l\u00e9gant \u00e0 l\u2019oeil.<\/p>\n<pre><\/pre>\n<h3>AUTRES CARACT\u00c9RISTIQUES<\/h3>\n<p>CAPTEUR DE PLUIE INT\u00c9GR\u00c9<\/p>\n<p>&nbsp;<\/p>\n<p>En cas de pluie, Kress Mission retourne de mani\u00e8re autonome \u00e0 sa base de chargement pour ne repartir que lorsque les conditions m\u00e9t\u00e9orologiques se sont am\u00e9lior\u00e9es. Le capteur peut \u00eatre d\u00e9sactiv\u00e9 et la dur\u00e9e de la pause peut \u00eatre modifi\u00e9e \u00e0 volont\u00e9.<\/p>\n<p>&nbsp;<\/p>\n<p>PLUSIEURS ZONES<\/p>\n<p>&nbsp;<\/p>\n<p>Kress Mission peut g\u00e9rer plusieurs zones ind\u00e9pendantes de votre jardin reli\u00e9es par un chemin ou une bande de pelouse et revenir apr\u00e8s avoir termin\u00e9 chaque zone.<\/p>\n<p>&nbsp;<\/p>\n<p>GARANTIE 3 ANS<\/p>\n<p>&nbsp;<\/p>\n<p>Enregistrez le robot dans les 30 jours suivant l\u2019achat et vous avez droit \u00e0 une garantie de 3 ans au lieu de 2.<\/p>\n<p>&nbsp;<\/p>\n<p>PROTECTION ANTI-VOL<\/p>\n<p>&nbsp;<\/p>\n<p>Possibilit\u00e9 d\u2019activer une serrure antivol avec code PIN. De plus, en cas de vol, la machine sera bloqu\u00e9e via Internet et tout smartphone tentant de se connecter au robot sera d\u00e9couvert, localis\u00e9 et bloqu\u00e9.<\/p>\n<p>INGENIERIE ITALIENNE, MARQUE ALLEMANDE ET FINANCES CHINOIS<\/p>\n<p>Missione Kress est une excellence in\u00e9gal\u00e9e dans le panorama mondial: c\u2019est une marque allemande (Mission Kress) qui a confi\u00e9 la conception m\u00e9canique et logicielle \u00e0 une entreprise italienne, le tout financ\u00e9 et r\u00e9alis\u00e9 par une multinationale chinoise tr\u00e8s s\u00e9rieuse (Positec).<\/p>\n","protected":false},"featured_media":11198,"comment_status":"open","ping_status":"closed","template":"","meta":[],"product_brand":[],"product_cat":[138],"product_tag":[],"class_list":{"0":"post-11127","1":"product","2":"type-product","3":"status-publish","4":"has-post-thumbnail","6":"product_cat-tondeuse-robot","8":"first","9":"instock","10":"sale","11":"shipping-taxable","12":"purchasable","13":"product-type-simple"},"jetpack_sharing_enabled":true,"_links":{"self":[{"href":"https:\/\/agenas-containers.com\/index.php\/wp-json\/wp\/v2\/product\/11127","targetHints":{"allow":["GET"]}}],"collection":[{"href":"https:\/\/agenas-containers.com\/index.php\/wp-json\/wp\/v2\/product"}],"about":[{"href":"https:\/\/agenas-containers.com\/index.php\/wp-json\/wp\/v2\/types\/product"}],"replies":[{"embeddable":true,"href":"https:\/\/agenas-containers.com\/index.php\/wp-json\/wp\/v2\/comments?post=11127"}],"version-history":[{"count":1,"href":"https:\/\/agenas-containers.com\/index.php\/wp-json\/wp\/v2\/product\/11127\/revisions"}],"predecessor-version":[{"id":11199,"href":"https:\/\/agenas-containers.com\/index.php\/wp-json\/wp\/v2\/product\/11127\/revisions\/11199"}],"wp:featuredmedia":[{"embeddable":true,"href":"https:\/\/agenas-containers.com\/index.php\/wp-json\/wp\/v2\/media\/11198"}],"wp:attachment":[{"href":"https:\/\/agenas-containers.com\/index.php\/wp-json\/wp\/v2\/media?parent=11127"}],"wp:term":[{"taxonomy":"product_brand","embeddable":true,"href":"https:\/\/agenas-containers.com\/index.php\/wp-json\/wp\/v2\/product_brand?post=11127"},{"taxonomy":"product_cat","embeddable":true,"href":"https:\/\/agenas-containers.com\/index.php\/wp-json\/wp\/v2\/product_cat?post=11127"},{"taxonomy":"product_tag","embeddable":true,"href":"https:\/\/agenas-containers.com\/index.php\/wp-json\/wp\/v2\/product_tag?post=11127"}],"curies":[{"name":"wp","href":"https:\/\/api.w.org\/{rel}","templated":true}]}}