{"id":11131,"date":"2025-05-06T21:25:28","date_gmt":"2025-05-06T19:25:28","guid":{"rendered":"https:\/\/agenas-containers.com\/?post_type=product&#038;p=11131"},"modified":"2025-05-06T21:26:05","modified_gmt":"2025-05-06T19:26:05","slug":"robot-tondeuse-serie-6-imow","status":"publish","type":"product","link":"https:\/\/agenas-containers.com\/index.php\/produit\/robot-tondeuse-serie-6-imow\/","title":{"rendered":"robot tondeuse \u2013 s\u00e9rie 6 imow"},"content":{"rendered":"<p>Pour les pelouses jusqu\u2019\u00e0 3000 m\u00b2 et les pentes jusqu\u2019\u00e0 45%<br \/>\nLe sp\u00e9cialiste des surfaces moyennes<br \/>\nD\u00e9finit de fa\u00e7on autonome le plan de tonte dynamique<br \/>\nCoupe, broie et fertilise la pelouse gr\u00e2ce au syst\u00e8me Mulching<br \/>\nCapteur de pluie int\u00e9gr\u00e9<br \/>\nRobot tondeuse enti\u00e8rement automatique<br \/>\nSURFACE MAXIMALE<br \/>\nJUSQU\u2019\u00c0 3000 M\u00b2<br \/>\nPENTE MAXIMALE: 45 %<br \/>\nLARGEUR DE COUPE: 28 CM<br \/>\nRMI 632.1\/REF. 63090121430<\/p>\n<p><em><b>Livraison gratuite<\/b><\/em><\/p>\n<p><em><b>Livr\u00e9: 2 \u2013 3 Jours ouvr\u00e9s<\/b><\/em><\/p>\n<p><strong>Etat : Neuf exp\u00e9dier depuis nos entrep\u00f4ts r\u00e9gionaux fran\u00e7ais<\/strong><\/p>\n<p><strong>Garantie 2 ans<\/strong><\/p>\n","protected":false},"excerpt":{"rendered":"<p>ROBOT TONDEUSE \u2013 S\u00c9RIE 6 IMOW\u00ae<br \/>\nCompl\u00e8tement automatique, le robot tondeuse RMI 632 STIHL est pr\u00e9vu pour les grandes surfaces de pelouse allant jusqu\u2019\u00e0 3000m\u00b2. Il coupe, hache et fertilise en tant que tondeuse mulching d\u2019une seule traite. Il b\u00e9n\u00e9ficie des atouts suivants :<br \/>\nCapot mobile \u00e9quip\u00e9 de capteurs : le solide capot prot\u00e8ge le robot tondeuse iMOW\u00ae des intemp\u00e9ries et des obstacles. Les capteurs int\u00e9gr\u00e9s d\u00e9tectent les obstacles et op\u00e8rent un changement de sens de l\u2019iMOW\u00ae.<br \/>\nPlateau de coupe mulching : la lame mulching stable, r\u00e9sistante aux chocs, assure une coupe pr\u00e9cise, m\u00eame si l\u2019herbe est assez haute. Son sens de rotation change automatiquement \u00e0 chaque d\u00e9marrage du moteur. Cela permet d\u2019assurer une usure homog\u00e8ne des lames. Les lames peuvent \u00eatre remplac\u00e9es sans outil.<br \/>\nR\u00e9gulation de la vitesse en pente : \u00e0 l\u2019aide du capteur d\u2019inclinaison, le robot tondeuse iMOW\u00ae ajuste automatiquement sa vitesse sur les terrains accident\u00e9s, de mani\u00e8re constante.<br \/>\nConsole de commande : la console de commande dot\u00e9e d\u2019un \u00e9cran int\u00e9gr\u00e9 sert \u00e0 la configuration, au pilotage manuel et \u00e0 afficher rapidement des informations relatives \u00e0 l\u2019appareil. La console est amovible<br \/>\nPlan de tonte dynamique : le plan de tonte interactif vous permet de sp\u00e9cifier pour chaque jour les intervalles durant lesquels le robot peut \u00eatre utilis\u00e9. Pendant ces temps actifs, l\u2019appareil d\u00e9cide lui-m\u00eame \u00e0 quel moment il vaut mieux tondre la pelouse pour un r\u00e9sultat optimal.<br \/>\nSurface de tonte : robot tondeuse pour les grandes surfaces de pelouse allant jusqu\u2019\u00e0 3000m\u00b2<br \/>\nPente maximale : le robot tondeuse vient \u00e0 bout des pentes abruptes allant jusqu\u2019\u00e0 45%.<\/p>\n<p>Le robot tondeuse RMI 632 a \u00e9t\u00e9 test\u00e9 lors d\u2019un test comparatif paru en Mars 2021 dans les publications de l\u2019UFC-Que Choisir et a re\u00e7u le qualificatif de meilleur choix. Pour en savoir plus, consultez le site www.lanotequechoisir.org. Retrouvez \u00e9galement tous les produits STIHL prim\u00e9s sur notre boutique en ligne.<\/p>\n<p>Important : Ne jamais laisser le robot tondeuse fonctionner sans surveillance, sachant que des animaux ou des personnes, en particulier des enfants, se trouvent \u00e0 proximit\u00e9.<\/p>\n","protected":false},"featured_media":11238,"comment_status":"open","ping_status":"closed","template":"","meta":[],"product_brand":[],"product_cat":[138],"product_tag":[],"class_list":{"0":"post-11131","1":"product","2":"type-product","3":"status-publish","4":"has-post-thumbnail","6":"product_cat-tondeuse-robot","8":"first","9":"instock","10":"sale","11":"shipping-taxable","12":"purchasable","13":"product-type-simple"},"jetpack_sharing_enabled":true,"_links":{"self":[{"href":"https:\/\/agenas-containers.com\/index.php\/wp-json\/wp\/v2\/product\/11131","targetHints":{"allow":["GET"]}}],"collection":[{"href":"https:\/\/agenas-containers.com\/index.php\/wp-json\/wp\/v2\/product"}],"about":[{"href":"https:\/\/agenas-containers.com\/index.php\/wp-json\/wp\/v2\/types\/product"}],"replies":[{"embeddable":true,"href":"https:\/\/agenas-containers.com\/index.php\/wp-json\/wp\/v2\/comments?post=11131"}],"version-history":[{"count":1,"href":"https:\/\/agenas-containers.com\/index.php\/wp-json\/wp\/v2\/product\/11131\/revisions"}],"predecessor-version":[{"id":11239,"href":"https:\/\/agenas-containers.com\/index.php\/wp-json\/wp\/v2\/product\/11131\/revisions\/11239"}],"wp:featuredmedia":[{"embeddable":true,"href":"https:\/\/agenas-containers.com\/index.php\/wp-json\/wp\/v2\/media\/11238"}],"wp:attachment":[{"href":"https:\/\/agenas-containers.com\/index.php\/wp-json\/wp\/v2\/media?parent=11131"}],"wp:term":[{"taxonomy":"product_brand","embeddable":true,"href":"https:\/\/agenas-containers.com\/index.php\/wp-json\/wp\/v2\/product_brand?post=11131"},{"taxonomy":"product_cat","embeddable":true,"href":"https:\/\/agenas-containers.com\/index.php\/wp-json\/wp\/v2\/product_cat?post=11131"},{"taxonomy":"product_tag","embeddable":true,"href":"https:\/\/agenas-containers.com\/index.php\/wp-json\/wp\/v2\/product_tag?post=11131"}],"curies":[{"name":"wp","href":"https:\/\/api.w.org\/{rel}","templated":true}]}}