{"id":11135,"date":"2025-05-06T21:25:29","date_gmt":"2025-05-06T19:25:29","guid":{"rendered":"https:\/\/agenas-containers.com\/?post_type=product&#038;p=11135"},"modified":"2025-05-06T21:26:11","modified_gmt":"2025-05-06T19:26:11","slug":"robot-tondeuse-automower-husqvarna-315-mark-ii","status":"publish","type":"product","link":"https:\/\/agenas-containers.com\/index.php\/produit\/robot-tondeuse-automower-husqvarna-315-mark-ii\/","title":{"rendered":"robot tondeuse automower husqvarna 315 mark ii"},"content":{"rendered":"<div>\n<div class=\"mobilesblockdisplay font90 lineheight20 woo_desc_part\">\n<div class=\"woocommerce-product-details__short-description\">\n<div class=\"product-title\">\n<div>\n<p id=\"product_reference\"><label>R\u00e9f\u00e9rence :<\/label>\u00a0<span class=\"editable\">970526812<\/span><\/p>\n<p><label>Fabricant :<\/label>\u00a0<a class=\"manname\" title=\"Tous les produits de ce fabricant Husqvarna Group\" href=\"https:\/\/www.webmotoculture.com\/7_husqvarna-group\">Husqvarna Group<\/a><\/p>\n<\/div>\n<\/div>\n<div>\n<div id=\"short_description_block\">\n<div id=\"short_description_content\" class=\"rte align_justify\">Robot tondeuse \u00e0 batterie\u00a0Husqvarna Automower 315 Mark II\u00a0coupe de 22cm pour surface max 1500m\u00b2<\/div>\n<div>Garantie 2 ans<\/div>\n<div><\/div>\n<\/div>\n<\/div>\n<\/div>\n<\/div>\n<\/div>\n<div class=\"rh_woo_code_zone_content\">Livraison gratuite<br \/>\nLivr\u00e9 entre 4 \u2013 5 Jours ouvr\u00e9s<br \/>\nProduit:\u00a0neuf\u00a0exp\u00e9di\u00e9 depuis nos entrep\u00f4ts r\u00e9gionaux\u00a0fran\u00e7ais<\/div>\n","protected":false},"excerpt":{"rendered":"<p>\u00c9volution 2022 du mod\u00e8le 315 pour pelouses allant jusqu\u2019\u00e0 1000m\u00b2 et pouvant gravir des pentes jusqu\u2019\u00e0 40%.<br \/>\nIl dispose de nouvelles caract\u00e9ristiques de s\u00e9rie que sont le retour \u00e0 la station de charge par 3 moyens diff\u00e9rents, la configuration de 3 zones de tonte, la gestion automatique des couloirs \u00e9troits et la certification IPX5 (nettoyable au jet d\u2019eau).<\/p>\n<p>Caract\u00e9ristiques:<\/p>\n<ul>\n<li>Largeur coupe: 22cm<\/li>\n<li>Surface tonte max: 1500m\u00b2<\/li>\n<li>Hauteur coupe: 2 \u00e0 6cm<\/li>\n<li>Nombre de lames: 3<\/li>\n<li>Pente terrain max: 40% (22\u00b0)<\/li>\n<li>Batterie Lithium-Ion: 18V \u2013 2.1Ah<\/li>\n<li>Temps tonte par charge: 70min<\/li>\n<li>Temps de charge: 60min<\/li>\n<li>Rechargement automatique<\/li>\n<li>Temps tonte max par jour: 22h<\/li>\n<li>Couverture par heure: 68m\u00b2<\/li>\n<li>Vitesse d\u2019avancement: 42cm\/s<\/li>\n<li>Niveau sonore: 60dB<\/li>\n<li>Poids: 9.2kg<\/li>\n<li>Dimensions (Lxlxh): 63 x 51 x 25cm<\/li>\n<\/ul>\n<p>\u00c9quipements de s\u00e9rie:<\/p>\n<ul>\n<li>Code PIN + alarme<\/li>\n<li>Capteurs de collision<\/li>\n<li>Capteur anti-soul\u00e8vement avec arr\u00eat des lames automatique<\/li>\n<li>Minuterie adaptative permettant au robot d\u2019adapter sa tonte en fonction de la pousse de votre pelouse<\/li>\n<li>Fonction Connect Lite (Bluetooth) permettant \u00e0 l\u2019utilisateur de param\u00e9trer et contr\u00f4ler son robot dans un p\u00e9rim\u00e8tre de 30 m\u00e8tres<\/li>\n<li>Contr\u00f4le des pentes<\/li>\n<li>Protection IPX5 (nettoyage au jet d\u2019eau)<\/li>\n<li>3 m\u00e9thodes de retour \u00e0 la station de charge.<\/li>\n<li>Configuration de 3 zones de tonte possible.<\/li>\n<li>Gestion automatique des couloirs \u00e9troits.<\/li>\n<\/ul>\n<p>Avantages du produit:<\/p>\n<ul>\n<li>R\u00e9glage facile de la hauteur de coupe en faisant tourner la molette pr\u00e9vue \u00e0 cet effet sur le dessus du robot.<\/li>\n<li>Tonte des terrains avec pente maximum de 40% en conservant une adh\u00e9rence et une puissance optimale.<\/li>\n<li>Rechargement intelligent: votre Automower retournera \u00e0 sa base automatique lorsqu\u2019il aura besoin de recharger sa batterie.<\/li>\n<li>Votre Automower ne craint pas la pluie et peut fonctionner par intemp\u00e9ries en ne laissant aucune trace sur son passage.<\/li>\n<li>Il dispose \u00e9galement d\u2019une connexion bluetooth via votre smartphone ou tablette afin de v\u00e9rifier, modifier ou cr\u00e9er des r\u00e9glages de tonte.<\/li>\n<li>Jusqu\u2019\u00e0 3 zones de d\u00e9marrage \u00e0 distance.<\/li>\n<li>S\u00e9curit\u00e9 antivol d\u00e9clenchant une alarme bruyante si un tiers veut vous d\u00e9rober votre robot. Cette alarme se coupe en indiquant votre code PIN.<\/li>\n<\/ul>\n","protected":false},"featured_media":11257,"comment_status":"open","ping_status":"closed","template":"","meta":[],"product_brand":[],"product_cat":[138],"product_tag":[],"class_list":{"0":"post-11135","1":"product","2":"type-product","3":"status-publish","4":"has-post-thumbnail","6":"product_cat-tondeuse-robot","8":"first","9":"instock","10":"sale","11":"shipping-taxable","12":"purchasable","13":"product-type-simple"},"jetpack_sharing_enabled":true,"_links":{"self":[{"href":"https:\/\/agenas-containers.com\/index.php\/wp-json\/wp\/v2\/product\/11135","targetHints":{"allow":["GET"]}}],"collection":[{"href":"https:\/\/agenas-containers.com\/index.php\/wp-json\/wp\/v2\/product"}],"about":[{"href":"https:\/\/agenas-containers.com\/index.php\/wp-json\/wp\/v2\/types\/product"}],"replies":[{"embeddable":true,"href":"https:\/\/agenas-containers.com\/index.php\/wp-json\/wp\/v2\/comments?post=11135"}],"version-history":[{"count":1,"href":"https:\/\/agenas-containers.com\/index.php\/wp-json\/wp\/v2\/product\/11135\/revisions"}],"predecessor-version":[{"id":11258,"href":"https:\/\/agenas-containers.com\/index.php\/wp-json\/wp\/v2\/product\/11135\/revisions\/11258"}],"wp:featuredmedia":[{"embeddable":true,"href":"https:\/\/agenas-containers.com\/index.php\/wp-json\/wp\/v2\/media\/11257"}],"wp:attachment":[{"href":"https:\/\/agenas-containers.com\/index.php\/wp-json\/wp\/v2\/media?parent=11135"}],"wp:term":[{"taxonomy":"product_brand","embeddable":true,"href":"https:\/\/agenas-containers.com\/index.php\/wp-json\/wp\/v2\/product_brand?post=11135"},{"taxonomy":"product_cat","embeddable":true,"href":"https:\/\/agenas-containers.com\/index.php\/wp-json\/wp\/v2\/product_cat?post=11135"},{"taxonomy":"product_tag","embeddable":true,"href":"https:\/\/agenas-containers.com\/index.php\/wp-json\/wp\/v2\/product_tag?post=11135"}],"curies":[{"name":"wp","href":"https:\/\/api.w.org\/{rel}","templated":true}]}}