{"id":11203,"date":"2025-05-06T21:25:53","date_gmt":"2025-05-06T19:25:53","guid":{"rendered":"https:\/\/agenas-containers.com\/?post_type=product&#038;p=11203"},"modified":"2025-05-06T21:26:16","modified_gmt":"2025-05-06T19:26:16","slug":"robot-tondeuse-husqvarna-450x","status":"publish","type":"product","link":"https:\/\/agenas-containers.com\/index.php\/produit\/robot-tondeuse-husqvarna-450x\/","title":{"rendered":"ROBOT TONDEUSE HUSQVARNA 450X"},"content":{"rendered":"<p><em><b>Livraison gratuite<\/b><\/em><\/p>\n<p><em><b>Livr\u00e9: 2 \u2013 3 Jours ouvr\u00e9s<\/b><\/em><\/p>\n<p><strong>Etat : Neuf exp\u00e9dier depuis nos entrep\u00f4ts r\u00e9gionaux fran\u00e7ais<\/strong><\/p>\n<p><strong>Garantie 2 ans<\/strong><\/p>\n<p>Voici un mod\u00e8le haut de gamme de la derni\u00e8re g\u00e9n\u00e9ration de tondeuse Par sa\u00a0fonction mulching, le tondeuse 450X r\u00e9duit l\u2019herbe en tr\u00e8s fines particules. Cette\u00a0<a href=\"https:\/\/www.lambin.fr\/5-tondeuse\">tondeuse<\/a> b\u00e9n\u00e9ficie d\u2019un code s\u00e9curit\u00e9 PIN, son temps moyen de recharge est de 75 min. Elle p\u00e8se 14 kg. Elle est adapt\u00e9e aux grands terrains complexes jusqu\u2019\u00e0 5000 m\u00b2.<\/p>\n","protected":false},"excerpt":{"rendered":"<h2>CARACT\u00c9RISTIQUES DU ROBOT TONDEUSE HUSQVARNA Automower 450X<\/h2>\n<ul>\n<li>Robot tondeuse totalement automatique 0-5000m2\u00a0 (+\/- 20 %)<\/li>\n<li>Travaille m\u00eame sous la pluie<\/li>\n<li>S\u00e9curit\u00e9 code PIN et alarme<\/li>\n<li>2 Batteries Ion-Lithium 18V \/ 10.4 Ah<\/li>\n<li>Temps moyen de recharge : 75 mn<\/li>\n<li>Temps moyen de tonte par charge : 260 mn<\/li>\n<li>Nombre de fil guide : 3<\/li>\n<li>Largeur de coupe de l\u2019Automower : 24 cm<\/li>\n<li>Vitesse d\u2019avancement : 62 cm\/s<\/li>\n<li>surface tondue : 208 m2\/h<\/li>\n<li>Hauteur de coupe : 2 \u00e0 6 cm<\/li>\n<li>Pente 45% max en milieu de terrain<\/li>\n<li>Niveau sonore : 58 dB(A)<\/li>\n<li>Poids : 13.9 kg<\/li>\n<li>Kit GPS\/SMS inclus + forfait offert pendant 2 ans par Husqvarna<\/li>\n<li><em><strong>Kit d\u2019installation en option :\u00a0Kit L<\/strong><\/em><\/li>\n<\/ul>\n","protected":false},"featured_media":11271,"comment_status":"open","ping_status":"closed","template":"","meta":[],"product_brand":[],"product_cat":[138],"product_tag":[],"class_list":{"0":"post-11203","1":"product","2":"type-product","3":"status-publish","4":"has-post-thumbnail","6":"product_cat-tondeuse-robot","8":"first","9":"instock","10":"sale","11":"shipping-taxable","12":"purchasable","13":"product-type-simple"},"jetpack_sharing_enabled":true,"_links":{"self":[{"href":"https:\/\/agenas-containers.com\/index.php\/wp-json\/wp\/v2\/product\/11203","targetHints":{"allow":["GET"]}}],"collection":[{"href":"https:\/\/agenas-containers.com\/index.php\/wp-json\/wp\/v2\/product"}],"about":[{"href":"https:\/\/agenas-containers.com\/index.php\/wp-json\/wp\/v2\/types\/product"}],"replies":[{"embeddable":true,"href":"https:\/\/agenas-containers.com\/index.php\/wp-json\/wp\/v2\/comments?post=11203"}],"version-history":[{"count":1,"href":"https:\/\/agenas-containers.com\/index.php\/wp-json\/wp\/v2\/product\/11203\/revisions"}],"predecessor-version":[{"id":11272,"href":"https:\/\/agenas-containers.com\/index.php\/wp-json\/wp\/v2\/product\/11203\/revisions\/11272"}],"wp:featuredmedia":[{"embeddable":true,"href":"https:\/\/agenas-containers.com\/index.php\/wp-json\/wp\/v2\/media\/11271"}],"wp:attachment":[{"href":"https:\/\/agenas-containers.com\/index.php\/wp-json\/wp\/v2\/media?parent=11203"}],"wp:term":[{"taxonomy":"product_brand","embeddable":true,"href":"https:\/\/agenas-containers.com\/index.php\/wp-json\/wp\/v2\/product_brand?post=11203"},{"taxonomy":"product_cat","embeddable":true,"href":"https:\/\/agenas-containers.com\/index.php\/wp-json\/wp\/v2\/product_cat?post=11203"},{"taxonomy":"product_tag","embeddable":true,"href":"https:\/\/agenas-containers.com\/index.php\/wp-json\/wp\/v2\/product_tag?post=11203"}],"curies":[{"name":"wp","href":"https:\/\/api.w.org\/{rel}","templated":true}]}}