{"id":11209,"date":"2025-05-06T21:25:54","date_gmt":"2025-05-06T19:25:54","guid":{"rendered":"https:\/\/agenas-containers.com\/?post_type=product&#038;p=11209"},"modified":"2025-05-08T10:38:18","modified_gmt":"2025-05-08T08:38:18","slug":"robot-tondeuse-husqvarna-automower-am315-x","status":"publish","type":"product","link":"https:\/\/agenas-containers.com\/index.php\/produit\/robot-tondeuse-husqvarna-automower-am315-x\/","title":{"rendered":"Robot tondeuse husqvarna automower\u00ae am315 x"},"content":{"rendered":"<p><em><b>Livraison gratuit<\/b><\/em><\/p>\n<p><em><b>Livr\u00e9e: 2 \u2013 3 Jours ouvr\u00e9s<\/b><\/em><\/p>\n<p><strong>Etat : Neuf exp\u00e9dier depuis nos entrep\u00f4ts r\u00e9gionaux fran\u00e7ais<\/strong><\/p>\n<p><strong>Garantie 2 ans<\/strong><\/p>\n","protected":false},"excerpt":{"rendered":"<p>L\u2019Automower\u00ae 315X est un robot premium id\u00e9al pour les jardins complexes de petite taille (jusqu\u2019\u00e0 1600 m2) et les personnes recherchant une solution de tonte connect\u00e9e. Il tond de jour comme de nuit, qu\u2019il fasse beau ou qu\u2019il pleuve. Encore plus performant: il tond sur des pentes jusqu\u2019 \u00e0 40 %, tr\u00e8s silencieux (60 Db(A)). Encore plus intelligent: il est \u00e9quip\u00e9 d\u2019origine du kit Automower\u00ae Connect permettant de contr\u00f4ler, configurer et g\u00e9o-localiser son robot depuis n\u2019importe o\u00f9 dans le monde. Design exclusif: phares et Kit Automower\u00ae Connect d\u2019origine, coque matifi\u00e9e, int\u00e9rieures des roues oranges, pare-chocs renforc\u00e9s en caoutchouc \u2026Fonctionnalit\u00e9s uniques Husqvarna: minuterie adaptative, de la d\u00e9tection automatique des passages \u00e9troits. Robot personnalisable gr\u00e2ce aux coques interchangeable et aux stickers de personnalisation.\u201d<\/p>\n","protected":false},"featured_media":11298,"comment_status":"open","ping_status":"closed","template":"","meta":[],"product_brand":[],"product_cat":[138],"product_tag":[],"class_list":{"0":"post-11209","1":"product","2":"type-product","3":"status-publish","4":"has-post-thumbnail","6":"product_cat-tondeuse-robot","8":"first","9":"instock","10":"sale","11":"shipping-taxable","12":"purchasable","13":"product-type-simple"},"jetpack_sharing_enabled":true,"_links":{"self":[{"href":"https:\/\/agenas-containers.com\/index.php\/wp-json\/wp\/v2\/product\/11209","targetHints":{"allow":["GET"]}}],"collection":[{"href":"https:\/\/agenas-containers.com\/index.php\/wp-json\/wp\/v2\/product"}],"about":[{"href":"https:\/\/agenas-containers.com\/index.php\/wp-json\/wp\/v2\/types\/product"}],"replies":[{"embeddable":true,"href":"https:\/\/agenas-containers.com\/index.php\/wp-json\/wp\/v2\/comments?post=11209"}],"version-history":[{"count":2,"href":"https:\/\/agenas-containers.com\/index.php\/wp-json\/wp\/v2\/product\/11209\/revisions"}],"predecessor-version":[{"id":11408,"href":"https:\/\/agenas-containers.com\/index.php\/wp-json\/wp\/v2\/product\/11209\/revisions\/11408"}],"wp:featuredmedia":[{"embeddable":true,"href":"https:\/\/agenas-containers.com\/index.php\/wp-json\/wp\/v2\/media\/11298"}],"wp:attachment":[{"href":"https:\/\/agenas-containers.com\/index.php\/wp-json\/wp\/v2\/media?parent=11209"}],"wp:term":[{"taxonomy":"product_brand","embeddable":true,"href":"https:\/\/agenas-containers.com\/index.php\/wp-json\/wp\/v2\/product_brand?post=11209"},{"taxonomy":"product_cat","embeddable":true,"href":"https:\/\/agenas-containers.com\/index.php\/wp-json\/wp\/v2\/product_cat?post=11209"},{"taxonomy":"product_tag","embeddable":true,"href":"https:\/\/agenas-containers.com\/index.php\/wp-json\/wp\/v2\/product_tag?post=11209"}],"curies":[{"name":"wp","href":"https:\/\/api.w.org\/{rel}","templated":true}]}}