{"id":11275,"date":"2025-05-06T21:26:19","date_gmt":"2025-05-06T19:26:19","guid":{"rendered":"https:\/\/agenas-containers.com\/?post_type=product&#038;p=11275"},"modified":"2025-05-08T10:15:45","modified_gmt":"2025-05-08T08:15:45","slug":"tondeuse-arriere-ea150","status":"publish","type":"product","link":"https:\/\/agenas-containers.com\/index.php\/produit\/tondeuse-arriere-ea150\/","title":{"rendered":"TONDEUSE ARRI\u00c8RE EA150"},"content":{"rendered":"<p>Largeur De Coupe 150 cm (existe aussi en 120 et 180 cm)<br \/>\nR\u00e9glage Hauteur De Coupe De 25 \u00e0 100 mm<br \/>\nPoids 205Kg<\/p>\n","protected":false},"excerpt":{"rendered":"<p>Pour la coupe d&rsquo;herbe dans les jardins, parcs, pr\u00e9s, terrains de sport,&#8230;<br \/>\n3 lames, roues pivotantes.<\/p>\n<p>Existe en 2 types d&rsquo;\u00e9jections possibles : arri\u00e8re (EA) ou lat\u00e9rale (EL)<\/p>\n<p>Cardan inclus.<\/p>\n<p>En options :\u00a0Kit mulching et version roues pneumatiques.<\/p>\n<p>&nbsp;<\/p>\n<p>Livraison gratuite<\/p>\n<p>Livr\u00e9: 3 \u2013 5 Jours ouvr\u00e9s<\/p>\n<p>Produit : neuf exp\u00e9di\u00e9 depuis nos entrep\u00f4ts r\u00e9gionaux fran\u00e7ais<\/p>\n<p>Garantie 3 ans<\/p>\n","protected":false},"featured_media":11364,"comment_status":"open","ping_status":"closed","template":"","meta":[],"product_brand":[],"product_cat":[138],"product_tag":[],"class_list":{"0":"post-11275","1":"product","2":"type-product","3":"status-publish","4":"has-post-thumbnail","6":"product_cat-tondeuse-robot","8":"first","9":"instock","10":"sale","11":"shipping-taxable","12":"purchasable","13":"product-type-simple"},"jetpack_sharing_enabled":true,"_links":{"self":[{"href":"https:\/\/agenas-containers.com\/index.php\/wp-json\/wp\/v2\/product\/11275","targetHints":{"allow":["GET"]}}],"collection":[{"href":"https:\/\/agenas-containers.com\/index.php\/wp-json\/wp\/v2\/product"}],"about":[{"href":"https:\/\/agenas-containers.com\/index.php\/wp-json\/wp\/v2\/types\/product"}],"replies":[{"embeddable":true,"href":"https:\/\/agenas-containers.com\/index.php\/wp-json\/wp\/v2\/comments?post=11275"}],"version-history":[{"count":1,"href":"https:\/\/agenas-containers.com\/index.php\/wp-json\/wp\/v2\/product\/11275\/revisions"}],"predecessor-version":[{"id":11330,"href":"https:\/\/agenas-containers.com\/index.php\/wp-json\/wp\/v2\/product\/11275\/revisions\/11330"}],"wp:featuredmedia":[{"embeddable":true,"href":"https:\/\/agenas-containers.com\/index.php\/wp-json\/wp\/v2\/media\/11364"}],"wp:attachment":[{"href":"https:\/\/agenas-containers.com\/index.php\/wp-json\/wp\/v2\/media?parent=11275"}],"wp:term":[{"taxonomy":"product_brand","embeddable":true,"href":"https:\/\/agenas-containers.com\/index.php\/wp-json\/wp\/v2\/product_brand?post=11275"},{"taxonomy":"product_cat","embeddable":true,"href":"https:\/\/agenas-containers.com\/index.php\/wp-json\/wp\/v2\/product_cat?post=11275"},{"taxonomy":"product_tag","embeddable":true,"href":"https:\/\/agenas-containers.com\/index.php\/wp-json\/wp\/v2\/product_tag?post=11275"}],"curies":[{"name":"wp","href":"https:\/\/api.w.org\/{rel}","templated":true}]}}